{"id":2754,"date":"2023-10-26T11:40:46","date_gmt":"2023-10-26T09:40:46","guid":{"rendered":"https:\/\/badminton-pba.be\/?page_id=2754"},"modified":"2025-08-19T15:34:25","modified_gmt":"2025-08-19T13:34:25","slug":"jeugdcompetitie","status":"publish","type":"page","link":"https:\/\/badminton-pba.be\/?page_id=2754","title":{"rendered":"Jeugdcompetitie"},"content":{"rendered":"\t\t<div data-elementor-type=\"wp-page\" data-elementor-id=\"2754\" class=\"elementor elementor-2754\">\n\t\t\t\t\t\t\t\t\t<section data-particle_enable=\"false\" data-particle-mobile-disabled=\"false\" class=\"elementor-section elementor-top-section elementor-element elementor-element-398bf74 elementor-section-boxed elementor-section-height-default elementor-section-height-default\" data-id=\"398bf74\" data-element_type=\"section\">\n\t\t\t\t\t\t<div class=\"elementor-container elementor-column-gap-default\">\n\t\t\t\t\t<div class=\"elementor-column elementor-col-100 elementor-top-column elementor-element elementor-element-b2ab0b7\" data-id=\"b2ab0b7\" data-element_type=\"column\">\n\t\t\t<div class=\"elementor-widget-wrap elementor-element-populated\">\n\t\t\t\t\t\t\t\t<div class=\"elementor-element elementor-element-2163a0f elementor-arrows-position-inside elementor-pagination-position-outside elementor-widget elementor-widget-image-carousel\" data-id=\"2163a0f\" data-element_type=\"widget\" data-settings=\"{&quot;navigation&quot;:&quot;both&quot;,&quot;autoplay&quot;:&quot;yes&quot;,&quot;pause_on_hover&quot;:&quot;yes&quot;,&quot;pause_on_interaction&quot;:&quot;yes&quot;,&quot;autoplay_speed&quot;:5000,&quot;infinite&quot;:&quot;yes&quot;,&quot;speed&quot;:500}\" data-widget_type=\"image-carousel.default\">\n\t\t\t\t<div class=\"elementor-widget-container\">\n\t\t\t\t\t<div class=\"elementor-image-carousel-wrapper swiper-container\" dir=\"ltr\">\n\t\t\t<div class=\"elementor-image-carousel swiper-wrapper\" aria-live=\"off\">\n\t\t\t\t\t\t\t\t<div class=\"swiper-slide\" role=\"group\" aria-roledescription=\"slide\" aria-label=\"1 of 4\"><figure class=\"swiper-slide-inner\"><img decoding=\"async\" class=\"swiper-slide-image\" src=\"https:\/\/badminton-pba.be\/wp-content\/uploads\/2022\/08\/slider_pic10-1-768x576.jpg\" alt=\"slider_pic10 (1)\" \/><\/figure><\/div><div class=\"swiper-slide\" role=\"group\" aria-roledescription=\"slide\" aria-label=\"2 of 4\"><figure class=\"swiper-slide-inner\"><img decoding=\"async\" class=\"swiper-slide-image\" src=\"https:\/\/badminton-pba.be\/wp-content\/uploads\/2023\/02\/foto-kinderen.png\" alt=\"foto kinderen\" \/><\/figure><\/div><div class=\"swiper-slide\" role=\"group\" aria-roledescription=\"slide\" aria-label=\"3 of 4\"><figure class=\"swiper-slide-inner\"><img decoding=\"async\" class=\"swiper-slide-image\" src=\"https:\/\/badminton-pba.be\/wp-content\/uploads\/2022\/12\/Afbeelding1.jpg\" alt=\"Afbeelding1\" \/><\/figure><\/div><div class=\"swiper-slide\" role=\"group\" aria-roledescription=\"slide\" aria-label=\"4 of 4\"><figure class=\"swiper-slide-inner\"><img decoding=\"async\" class=\"swiper-slide-image\" src=\"https:\/\/badminton-pba.be\/wp-content\/uploads\/2023\/11\/20230609_200431.jpg\" alt=\"\" \/><\/figure><\/div>\t\t\t<\/div>\n\t\t\t\t\t\t\t\t\t\t\t\t<div class=\"elementor-swiper-button elementor-swiper-button-prev\" role=\"button\" tabindex=\"0\">\n\t\t\t\t\t\t<i aria-hidden=\"true\" class=\"eicon-chevron-left\"><\/i>\t\t\t\t\t<\/div>\n\t\t\t\t\t<div class=\"elementor-swiper-button elementor-swiper-button-next\" role=\"button\" tabindex=\"0\">\n\t\t\t\t\t\t<i aria-hidden=\"true\" class=\"eicon-chevron-right\"><\/i>\t\t\t\t\t<\/div>\n\t\t\t\t\n\t\t\t\t\t\t\t\t\t<div class=\"swiper-pagination\"><\/div>\n\t\t\t\t\t\t\t\t\t<\/div>\n\t\t\t\t<\/div>\n\t\t\t\t<\/div>\n\t\t\t\t\t<\/div>\n\t\t<\/div>\n\t\t\t\t\t\t\t<\/div>\n\t\t<\/section>\n\t\t\t\t<section data-particle_enable=\"false\" data-particle-mobile-disabled=\"false\" class=\"elementor-section elementor-top-section elementor-element elementor-element-c6a4df6 elementor-section-boxed elementor-section-height-default elementor-section-height-default\" data-id=\"c6a4df6\" data-element_type=\"section\">\n\t\t\t\t\t\t<div class=\"elementor-container elementor-column-gap-default\">\n\t\t\t\t\t<div class=\"elementor-column elementor-col-100 elementor-top-column elementor-element elementor-element-b451fd3\" data-id=\"b451fd3\" data-element_type=\"column\">\n\t\t\t<div class=\"elementor-widget-wrap elementor-element-populated\">\n\t\t\t\t\t\t\t\t<div class=\"elementor-element elementor-element-4c212be elementor-widget elementor-widget-text-editor\" data-id=\"4c212be\" data-element_type=\"widget\" data-widget_type=\"text-editor.default\">\n\t\t\t\t<div class=\"elementor-widget-container\">\n\t\t\t\t\t\t\t<p><strong>Algemeen:<\/strong><\/p><p>De provinciale jeugdcompetitie is toegankelijk voor \u00e9\u00e9n of meerdere ploegen van clubs die aangesloten zijn bij de Badminton Vlaanderen \u00e9n een jaarlijkse werkingstoelage betalen aan de PBA. Deelname aan de jeugdcompetitie is gratis. Er is een specifiek reglement voor de provinciale jeugdcompetitie.<\/p><p><strong>Inschrijven:<\/strong><\/p><p>Ploegen die wensen deel te nemen aan de provinciale jeugdcompetitie dienen zich in te schrijven via hun club. De inschrijving gebeurt online en wordt telkens in de maand april naar alle clubs verzonden.<\/p><p>De club kan dit online doen via het door Badminton Vlaanderen ontwikkelde online platform. <a href=\"https:\/\/badman.app\/\">Online inschrijven via Competitie Platform<\/a><\/p><ul><li>Jeugdcompetitie: <a href=\"https:\/\/www.toernooi.nl\/sport\/tournament.aspx?id=B37518CC-1C51-40C8-8D2D-AE6ECE1705FE\">Online inschrijven via toernooi.nl<\/a><\/li><\/ul><p><strong>Jeugdcompetitiereglement:<\/strong><\/p><p>Voor de provinciale jeugdcompetitie is het nieuwe provinciale competitiereglement voor jeugd van kracht, dat ingaat vanaf seizoen 2010-2011. Het werd voorgesteld op de Algemene Vergadering van 24 april 2015.<\/p><p>De laatste versie vind je hier:\u00a0<a href=\"https:\/\/badminton-pba.be\/wp-content\/uploads\/2023\/04\/PBAJeugdcompetitiereglement2023_def.pdf\">Reglement Jeugdcompetitie PBA<\/a><\/p><p><strong>Ontmoetingsformulieren:<\/strong><\/p><p>De offici\u00eble ontmoetingsformulieren, die op de Algemene Vergadering aan de clubs worden uitgedeeld, dienen juist, volledig en duidelijk leesbaar ingevuld te worden. Het witte formulier is bestemd voor de thuisploeg. Het groene voor de bezoekers. Beide formulieren dienen door respectievelijk de thuisploeg en de bezoekers te worden bijgehouden tot de start van het volgende seizoen. Op vraag van de verantwoordelijke jeugdcompetitie dienen ze opgestuurd te worden naar de hem.<\/p><p><strong>Kalenderwijzigingen:<\/strong><\/p><p>Het verplaatsen van een ontmoeting na het begin van het competitieseizoen, d.w.z. na 1 september, wordt enkel en alleen toegestaan bij heirkracht en na beoordeling door de verantwoordelijke van de jeugd sportcompetitie.<\/p><p>De jeugdverantwoordelijken van beide clubs zorgen voor een nieuwe datum, die door beide ploegen bevestigd wordt via mail. Deze bevestiging wordt doorgestuurd naar de jeugdsportcommissie.<\/p><p><strong>Reeksindeling, kalenders en rangschikking<\/strong><\/p><p>De reeksindeling wordt opgesteld begin Juni, afhankelijk van de deelnemende ploegen kunnen reeksen worden samengevoegd om zo het aantal ontmoetingen zo optimaal mogelijk te verdelen.<\/p><ul><li>De PBA competities:<ul><li><a href=\"https:\/\/www.badmintonvlaanderen.be\/sport\/league?id=EC02B3C3-967F-49B0-8967-9A24E576E9F2\">Jeugdcompetitie 2025-2026<\/a><\/li><\/ul><\/li><\/ul>\t\t\t\t\t\t<\/div>\n\t\t\t\t<\/div>\n\t\t\t\t\t<\/div>\n\t\t<\/div>\n\t\t\t\t\t\t\t<\/div>\n\t\t<\/section>\n\t\t\t\t\t\t\t<\/div>\n\t\t","protected":false},"excerpt":{"rendered":"<p>Algemeen: De provinciale jeugdcompetitie is toegankelijk voor \u00e9\u00e9n of meerdere ploegen van clubs die aangesloten zijn bij de Badminton Vlaanderen \u00e9n een jaarlijkse werkingstoelage betalen aan de PBA. Deelname aan de jeugdcompetitie is gratis. Er is een specifiek reglement voor de provinciale jeugdcompetitie. Inschrijven: Ploegen die wensen deel te nemen aan de provinciale jeugdcompetitie dienen&hellip;<\/p>\n","protected":false},"author":1,"featured_media":0,"parent":0,"menu_order":0,"comment_status":"closed","ping_status":"closed","template":"","meta":{"footnotes":""},"_links":{"self":[{"href":"https:\/\/badminton-pba.be\/index.php?rest_route=\/wp\/v2\/pages\/2754"}],"collection":[{"href":"https:\/\/badminton-pba.be\/index.php?rest_route=\/wp\/v2\/pages"}],"about":[{"href":"https:\/\/badminton-pba.be\/index.php?rest_route=\/wp\/v2\/types\/page"}],"author":[{"embeddable":true,"href":"https:\/\/badminton-pba.be\/index.php?rest_route=\/wp\/v2\/users\/1"}],"replies":[{"embeddable":true,"href":"https:\/\/badminton-pba.be\/index.php?rest_route=%2Fwp%2Fv2%2Fcomments&post=2754"}],"version-history":[{"count":23,"href":"https:\/\/badminton-pba.be\/index.php?rest_route=\/wp\/v2\/pages\/2754\/revisions"}],"predecessor-version":[{"id":4060,"href":"https:\/\/badminton-pba.be\/index.php?rest_route=\/wp\/v2\/pages\/2754\/revisions\/4060"}],"wp:attachment":[{"href":"https:\/\/badminton-pba.be\/index.php?rest_route=%2Fwp%2Fv2%2Fmedia&parent=2754"}],"curies":[{"name":"wp","href":"https:\/\/api.w.org\/{rel}","templated":true}]}}