{"id":277,"date":"2020-02-16T15:08:34","date_gmt":"2020-02-16T14:08:34","guid":{"rendered":"https:\/\/pba.temp.florisvdk.net\/?page_id=277"},"modified":"2026-03-25T14:01:48","modified_gmt":"2026-03-25T13:01:48","slug":"competitie-pba-toernooien","status":"publish","type":"page","link":"https:\/\/badminton-pba.be\/?page_id=277","title":{"rendered":"PBA toernooien"},"content":{"rendered":"\t\t<div data-elementor-type=\"wp-page\" data-elementor-id=\"277\" class=\"elementor elementor-277\">\n\t\t\t\t\t\t\t\t\t<section data-particle_enable=\"false\" data-particle-mobile-disabled=\"false\" class=\"elementor-section elementor-top-section elementor-element elementor-element-7ff1964d elementor-section-boxed elementor-section-height-default elementor-section-height-default\" data-id=\"7ff1964d\" data-element_type=\"section\">\n\t\t\t\t\t\t<div class=\"elementor-container elementor-column-gap-default\">\n\t\t\t\t\t<div class=\"elementor-column elementor-col-100 elementor-top-column elementor-element elementor-element-44da7cd8\" data-id=\"44da7cd8\" data-element_type=\"column\">\n\t\t\t<div class=\"elementor-widget-wrap elementor-element-populated\">\n\t\t\t\t\t\t\t\t<div class=\"elementor-element elementor-element-1fecc6c3 elementor-drop-cap-yes elementor-drop-cap-view-default elementor-widget elementor-widget-text-editor\" data-id=\"1fecc6c3\" data-element_type=\"widget\" data-settings=\"{&quot;drop_cap&quot;:&quot;yes&quot;}\" data-widget_type=\"text-editor.default\">\n\t\t\t\t<div class=\"elementor-widget-container\">\n\t\t\t\t\t\t\t<p>Tornooien die PBA organiseert: Georges Rogiers, PK Volwassenen, PK Jeugd en Senioren, IPJO ( IPJO in beurtrol met de andere provincies )<\/p><p>Ook andere organisaties, zoals de Vlaamse- en\/of Belgische kampioenschappen kunnen door de PBA worden ingericht. Op vraag van de Stedelijke Sportraad van de Stad Antwerpen staat zij in voor de organisatie van het tornooi &#8220;Georges Rogiers&#8221;, dat jaarlijks doorgaat in de maand oktober.<\/p><h3>Wisselschaal Georges Rogiers<\/h3><p>Toen op 20 mei 1995 onze toenmalige voorzitter Georges Rogiers net v\u00f3\u00f3r de Algemene Vergadering van de VBL in het PBA lokaal plots neerzeeg en de opgeroepen medische hulp niet meer kon baten, heerste er binnen onze federatie grote verslagenheid. Georges was op 5 mei net opnieuw verkozen op de Algemene Vergadering van de PBA voor een nieuw mandaat van 2 jaar. Op de eerste vergadering na zijn overlijden werd dan ook unaniem door de Raad van Bestuur van de PBA beslist om geen nieuwe voorzitter aan te stellen, doch zijn functie tot de AV van 1996 te doen waarnemen door de ondervoorzitter. Gezien de jeugd Georges nauw aan het hart lag, werd aan zijn kinderen Ingrid en Erik de toelating gevraagd om een wisselschaal naar hem genaamd in het leven te roepen voor de meest verdienstelijke jeugdspeler gedurende \u00e9\u00e9n seizoen.<\/p><p>Om in aanmerking te komen voor de titel van meest verdienstelijke jeugdspeler moet er door de jeugd deelgenomen worden aan de provinciale kampioenschappen bij zowel de volwassenen als bij de jeugd. De speler die de meeste wedstrijden wint in beide kampioenschappen, mag gedurende het volgende seizoen de wisselschaal in zijn bezit houden. Ingeval er meerdere spelers een gelijk aantal wedstrijden gewonnen hebben, zal de speler die het grootste aantal enkelwedstrijden heeft gewonnen bij de volwassenen, als winnaar\u00a0worden beschouwd. De uitreiking van de trofee vindt telkens plaats tijdens de volwassenenkampioenschappen van het seizoen dat volgt. Er werd beslist om vanaf 2009 twee wisselschalen uit te reiken: \u00e9\u00e9n voor jongens en \u00e9\u00e9n voor meisjes. De eerste laureaten in het nieuwe dubbelsysteem waren Birger Abts en Tine Roeymans, beide van Royal Antwerp.<\/p><p>Omdat de jeugdkampioenschappen niet meer georganiseerd werden, door gebrek aan deelnemers,<\/p><p>Vanaf 2023-2024 werden de\u00a0 Belgisch Kampioenschappen Jeugd en YBJM-George Rogiers-tornooi als tornooien genomen .<\/p><p>\u00a0<\/p><h4><strong>Laureaten seizoen 2024 &#8211; 2025<\/strong><\/h4><p>Louis Li\u00a0 \u00a0 \u00a0 \u00a0 \u00a0 \u00a0 \u00a0 \u00a0 \u00a0 \u00a0 \u00a0 \u00a0 \u00a0 \u00a0 \u00a0 \u00a0 \u00a0 \u00a0 \u00a0 \u00a0 \u00a0 \u00a0 \u00a0 \u00a0 \u00a0 \u00a0 \u00a0 \u00a0 \u00a0 \u00a0 \u00a0 OLVE\u00a0 \u00a0 \u00a0 \u00a0 \u00a0 \u00a0 \u00a0 \u00a0 \u00a0 \u00a0 \u00a0 \u00a0 \u00a0 \u00a0 \u00a0 \u00a0 \u00a0 \u00a0 \u00a0 \u00a0 \u00a0 \u00a0 \u00a0 \u00a0 \u00a0 \u00a0 \u00a0 \u00a0 \u00a0 10-11-12\u00a0 \u00a0 \u00a0 \u00a0 \u00a0 \u00a0 \u00a0 \u00a0 \u00a0 \u00a0 \u00a0 \u00a0 \u00a0 \u00a010\/06\/2012<\/p><p>Ga\u00eblle De Cuyper\u00a0 \u00a0 \u00a0 \u00a0 \u00a0 \u00a0 \u00a0 \u00a0 \u00a0 \u00a0 \u00a0 \u00a0 \u00a0 \u00a0 \u00a0 \u00a0 \u00a0 \u00a0 \u00a0 \u00a0 \u00a0 \u00a0 \u00a0 OLVE\u00a0 \u00a0 \u00a0 \u00a0 \u00a0 \u00a0 \u00a0 \u00a0 \u00a0 \u00a0 \u00a0 \u00a0 \u00a0 \u00a0 \u00a0 \u00a0 \u00a0 \u00a0 \u00a0 \u00a0 \u00a0 \u00a0 \u00a0 \u00a0 \u00a0 \u00a0 \u00a0 \u00a0 \u00a0 \u00a0 4-4-5\u00a0 \u00a0 \u00a0 \u00a0 \u00a0 \u00a0 \u00a0 \u00a0 \u00a0 \u00a0 \u00a0 \u00a0 \u00a0 \u00a0 \u00a0 26\/01\/2011<\/p><h4>Laureaten seizoen 2023 &#8211; 2024<\/h4><p>Daan Li\u00a0 \u00a0 \u00a0 \u00a0 \u00a0 \u00a0 \u00a0 \u00a0 \u00a0 \u00a0 \u00a0 \u00a0 \u00a0 \u00a0 \u00a0 \u00a0 \u00a0 \u00a0 \u00a0 \u00a0 \u00a0 \u00a0 \u00a0 \u00a0 \u00a0 \u00a0 \u00a0 \u00a0 \u00a0 \u00a0 \u00a0 \u00a0 \u00a0&#8217;t Fortje Zwijndrecht\u00a0 \u00a0 \u00a0 \u00a0 \u00a0 \u00a0 \u00a0 \u00a0 \u00a0 \u00a0 \u00a0 \u00a0 \u00a0 \u00a0 \u00a0 \u00a0 11-12-12\u00a0 \u00a0 \u00a0 \u00a0 \u00a0 \u00a0 \u00a0 \u00a0 \u00a0 \u00a0 \u00a0 \u00a0 \u00a0 \u00a025\/04\/2010\u00a0 \u00a0 \u00a0 \u00a0 \u00a0 \u00a0 \u00a0 \u00a0 \u00a0 \u00a0 \u00a0 \u00a0 \u00a0 14<\/p><p>Gaelle De Cuyper\u00a0 \u00a0 \u00a0 \u00a0 \u00a0 \u00a0 \u00a0 \u00a0 \u00a0 \u00a0 \u00a0 \u00a0 \u00a0 \u00a0 \u00a0 \u00a0 \u00a0 \u00a0 \u00a0 \u00a0 \u00a0 \u00a0 \u00a0 \u00a0 \u00a0OLVE\u00a0 \u00a0 \u00a0 \u00a0 \u00a0 \u00a0 \u00a0 \u00a0 \u00a0 \u00a0 \u00a0 \u00a0 \u00a0 \u00a0 \u00a0 \u00a0 \u00a0 \u00a0 \u00a0 \u00a0 \u00a0 \u00a0 \u00a0 \u00a0 \u00a0 \u00a0 \u00a0 \u00a0 \u00a0 7-6-7\u00a0 \u00a0 \u00a0 \u00a0 \u00a0 \u00a0 \u00a0 \u00a0 \u00a0 \u00a0 \u00a0 \u00a0 \u00a0 \u00a0 \u00a0 \u00a026\/01\/2011\u00a0 \u00a0 \u00a0 \u00a0 \u00a0 \u00a0 \u00a0 \u00a0 \u00a0 \u00a0 \u00a0 \u00a0 \u00a0 \u00a0 13<\/p><h4>Laureaten seizoen 2022 &#8211; 2023<\/h4><p>PK jeugd \u00a0kon niet doorgaan wegens gebrek aan inschrijvingen.<\/p><p><strong>Laureaten\u00a0 seizoen\u00a0 2021-2022<\/strong><\/p><p>PK jeugd \u00a0kon niet doorgaan wegens gebrek aan inschrijvingen.<\/p><p><strong>Laureaten\u00a0 seizoen\u00a0 2020-20221<\/strong><\/p><p>PK jeugd en PK volwassenen kon niet doorgaan door de corona pandemie.<strong>\u00a0<\/strong><\/p><p><strong>Laureaten\u00a0 seizoen\u00a0 2019-2020<\/strong><\/p><p>PK jeugd en PK volwassenen kon niet doorgaan wegens gebrek aan inschrijvingen.<\/p><p><strong>Laureaten seizoen\u00a0 2018-2019<\/strong><\/p><p>Lars Patteet\u00a0 \u00a0 \u00a0 \u00a0 \u00a0 \u00a0 \u00a0 \u00a0 \u00a0 \u00a0 \u00a0 \u00a0 \u00a0 \u00a0 \u00a0 \u00a0 \u00a0 \u00a0 \u00a0 \u00a0 \u00a0 \u00a0 \u00a0 \u00a0 \u00a0 \u00a0 \u00a0 \u00a0 \u00a0 \u00a0 \u00a0 \u00a0 \u00a0 \u00a0 \u00a0 \u00a0 \u00a0 \u00a0 \u00a0 \u00a0OLVE\u00a0 \u00a0 \u00a0 \u00a0 \u00a0 \u00a0 \u00a0 \u00a0 \u00a0 \u00a0 \u00a0 \u00a0 \u00a0 \u00a0 \u00a0 \u00a0 \u00a0 \u00a0 \u00a0 \u00a0 \u00a0 \u00a0 \u00a0 \u00a0 \u00a0 \u00a0 \u00a0 \u00a0 \u00a0 \u00a0 \u00a0 \u00a0 \u00a0 \u00a0 \u00a0 \u00a0 \u00a0 C2\u00a0 \u00a0 \u00a0 \u00a0 \u00a0 \u00a0 \u00a0 \u00a0 \u00a0 \u00a0 \u00a0 \u00a0 \u00a0 \u00a0 \u00a0 \u00a0 \u00a0 25\/05\/200515<\/p><p>Tammi Van Wonterghem\u00a0 \u00a0 \u00a0 \u00a0 \u00a0 \u00a0 \u00a0 \u00a0 \u00a0 \u00a0 \u00a0 \u00a0 \u00a0 \u00a0 \u00a0 \u00a0 \u00a0 \u00a0 \u00a0 \u00a0 \u00a0 \u00a0 \u00a0 \u00a0 \u00a0 \u00a0 \u00a0 \u00a0 \u00a0 BC Zwijndrecht\u00a0 \u00a0 \u00a0 \u00a0 \u00a0 \u00a0 \u00a0 \u00a0 \u00a0 \u00a0 \u00a0 \u00a0 \u00a0 \u00a0 \u00a0 \u00a0 \u00a0 \u00a0 \u00a0 \u00a0 \u00a0 \u00a0 \u00a0 \u00a0 \u00a0 \u00a0 \u00a0 \u00a0 \u00a0 C2\u00a0 \u00a0 \u00a0 \u00a0 \u00a0 \u00a0 \u00a0 \u00a0 \u00a0 \u00a0 \u00a0 \u00a0 \u00a0 \u00a0 \u00a0 \u00a0 \u00a0 5\/03\/200717<\/p><p><strong>Laureaten seizoen 2017-2018 <\/strong><\/p><table><tbody><tr><td width=\"179\">Michiel De Sitter<\/td><td width=\"161\">OLVE<\/td><td width=\"75\">D<\/td><td width=\"104\">18\/08\/2004<\/td><td width=\"66\">6<\/td><\/tr><tr><td width=\"179\">Kaat Van Wouwe<\/td><td width=\"161\">Plumula<\/td><td width=\"75\">C2<\/td><td width=\"104\">1\/12\/2004<\/td><td width=\"66\">8<\/td><\/tr><\/tbody><\/table><p><strong>\u00a0<\/strong><strong>Laureaten\u00a0 seizoen\u00a0 2016-2017 <\/strong><\/p><table><tbody><tr><td width=\"176\">Michiel De Sitter<\/td><td width=\"152\">OLVE<\/td><td width=\"73\">D<\/td><td width=\"117\">18\/08\/2004<\/td><td width=\"66\">6<\/td><\/tr><tr><td width=\"176\">Kaat Van Wouwe<\/td><td width=\"152\">Plumula<\/td><td width=\"73\">C2<\/td><td width=\"117\">1\/12\/2004<\/td><td width=\"66\">6<\/td><\/tr><\/tbody><\/table><p><strong>\u00a0<\/strong><strong>Laureaten\u00a0 seizoen\u00a0 2015 &#8211; 2016<\/strong><\/p><table><tbody><tr><td width=\"179\">Mats Born<\/td><td width=\"151\">OLVE<\/td><td width=\"76\">C1<\/td><td width=\"113\">29\/04\/2002<\/td><td width=\"66\">8<\/td><\/tr><tr><td width=\"179\">Merel Proost<\/td><td width=\"151\">Zwijndrecht<\/td><td width=\"76\">C2<\/td><td width=\"113\">29\/03\/2003<\/td><td width=\"66\">13<\/td><\/tr><\/tbody><\/table><p><strong>\u00a0<\/strong><strong>Laureaten seizoen 2014-2015<\/strong><\/p><table><tbody><tr><td width=\"179\">Jarne Heymans<\/td><td width=\"151\">Spinshuttle<\/td><td width=\"76\">D<\/td><td width=\"113\">17\/04\/1999<\/td><td width=\"66\">12<\/td><\/tr><tr><td width=\"179\">Evelien Cauwenbergh<\/td><td width=\"151\">BC Zwindrecht<\/td><td width=\"76\">B2<\/td><td width=\"113\">13\/05\/2002<\/td><td width=\"66\">8<\/td><\/tr><\/tbody><\/table><p><strong>\u00a0<\/strong><strong>Laureaten seizoen 2013-2014<\/strong><\/p><table><tbody><tr><td width=\"179\">Adriaan Debeuf<\/td><td width=\"151\">OLVE<\/td><td width=\"76\">C1<\/td><td width=\"113\">19\/10\/1998<\/td><td width=\"66\">15<\/td><\/tr><tr><td width=\"179\">Hanne Janssens<\/td><td width=\"151\">OLVE<\/td><td width=\"76\">B1<\/td><td width=\"113\">16\/08\/1998<\/td><td width=\"66\">14<\/td><\/tr><\/tbody><\/table><p><strong>\u00a0<\/strong><strong>Laureaten seizoen 2012-2013<\/strong><\/p><table><tbody><tr><td width=\"179\">Lukas Hellemans<\/td><td width=\"151\">Waverse<\/td><td width=\"76\">C2<\/td><td width=\"113\">21\/12\/1999<\/td><td width=\"66\">10<\/td><\/tr><tr><td width=\"179\">\u00a0Lissa Bal<\/td><td width=\"151\">OLVE<\/td><td width=\"76\">B1<\/td><td width=\"113\">3\/01\/1997<\/td><td width=\"66\">11<\/td><\/tr><\/tbody><\/table><table width=\"598\"><tbody><tr><td width=\"598\"><p><strong>Laureaten seizoen 2011-2012<\/strong><\/p><table width=\"604\"><tbody><tr><td width=\"179\">\u00a0Tim Van Herbruggen<\/td><td width=\"151\">Zwijndrecht<\/td><td width=\"76\">B2<\/td><td width=\"113\">25\/03\/1997<\/td><td width=\"85\">16<\/td><\/tr><tr><td width=\"179\">Steffi Van De Vel<\/td><td width=\"151\">Berlaar<\/td><td width=\"76\">C1<\/td><td width=\"113\">025\/12\/2001<\/td><td width=\"85\">12<\/td><\/tr><\/tbody><\/table><p><strong>Laureaten seizoen 2010-2011<\/strong><\/p><table width=\"605\"><tbody><tr><td width=\"179\">Anton Leysen<\/td><td width=\"151\">Baret<\/td><td width=\"76\">B2<\/td><td width=\"113\">23\/04\/1993<\/td><td width=\"86\">14<\/td><\/tr><tr><td width=\"179\">Hanne\u00a0Janssens<\/td><td width=\"151\">OLVE<\/td><td width=\"76\">C2<\/td><td width=\"113\">16\/08\/1998<\/td><td width=\"86\">17<\/td><\/tr><\/tbody><\/table><p><strong>Laureaten seizoen 2009-2010<\/strong><\/p><table width=\"603\"><tbody><tr><td width=\"178\">Ian De Cuyper<\/td><td width=\"151\">Royal Antwerp<\/td><td width=\"75\">C2<\/td><td width=\"113\">27\/02\/1997<\/td><td width=\"86\">18<\/td><\/tr><tr><td width=\"178\">Tine Roeymans<\/td><td width=\"151\">Royal Antwerp<\/td><td width=\"75\">B1<\/td><td width=\"113\">31-07\/1992<\/td><td width=\"86\">17<\/td><\/tr><\/tbody><\/table><p>Er werd beslist om vanaf 2009 twee wisselschalen uit te reiken: \u00e9\u00e9n voor\u00a0jongens en \u00e9\u00e9n voor meisjes. De eerste laureaten in het nieuwe dubbelsysteem waren Birger Abts en Tine Roeymans, beide van Royal Antwerp<\/p><p><strong>Laureaten seizoen 2008-2009<\/strong><\/p><table width=\"603\"><tbody><tr><td width=\"178\">Abts Birgen<\/td><td width=\"151\">Royal Antwerp<\/td><td width=\"75\">A<\/td><td width=\"113\">27\/02\/1997<\/td><td width=\"86\">12<\/td><\/tr><tr><td width=\"178\">Tine Roeymans<\/td><td width=\"151\">Royal Antwerp<\/td><td width=\"75\">B1<\/td><td width=\"113\">31-07\/1992<\/td><td width=\"86\">20<\/td><\/tr><\/tbody><\/table><p><strong>\u00a0<\/strong><strong>Laureaat seizoen 2007-2008<\/strong><\/p><table width=\"605\"><tbody><tr><td width=\"141\">Tieu Kenny<\/td><td width=\"189\">\u00a0 \u00a0 \u00a0 \u00a0 \u00a0 \u00a0 \u00a0Waverse<\/td><td width=\"76\">D<\/td><td width=\"113\">13\/07\/1993<\/td><td width=\"86\">16<\/td><\/tr><\/tbody><\/table><p><strong>Laureaat seizoen 2006-2007<\/strong><\/p><table width=\"604\"><tbody><tr><td width=\"169\">Severijns Pieter<\/td><td width=\"161\">OLVE<\/td><td width=\"76\">C1<\/td><td width=\"123\">3\/06\/1992<\/td><td width=\"76\">15<\/td><\/tr><\/tbody><\/table><p><strong>Laureaat seizoen 2005-2006<\/strong><\/p><table width=\"604\"><tbody><tr><td width=\"169\">Abts Birgen<\/td><td width=\"161\">Royal Antwerp<\/td><td width=\"76\">C1<\/td><td width=\"123\">25\/10\/1991<\/td><td width=\"76\">15<\/td><\/tr><\/tbody><\/table><\/td><\/tr><tr><td width=\"598\"><p><strong>Laureaat seizoen 2004-2005<\/strong><\/p><table><tbody><tr><td width=\"169\">Longin Melanie<\/td><td width=\"161\">De Nekker<\/td><td width=\"76\">D<\/td><td width=\"123\">7\/09\/1991<\/td><td width=\"67\">16<\/td><\/tr><\/tbody><\/table><p><strong>Laureaat seizoen 2003-2004<\/strong><\/p><table><tbody><tr><td width=\"169\">Van Geel Katrien<\/td><td width=\"161\">Plumula<\/td><td width=\"76\">B2<\/td><td width=\"123\">17\/09\/1987<\/td><td width=\"67\">16<\/td><\/tr><\/tbody><\/table><p><strong>Laureaat seizoen 2002-2003<\/strong><\/p><table><tbody><tr><td width=\"169\">Van Roosbroeck Nicki<\/td><td width=\"161\">Berlaar<\/td><td width=\"76\">B1<\/td><td width=\"123\">7\/02\/1988<\/td><td width=\"67\">15<\/td><\/tr><\/tbody><\/table><p><strong>Laureaat seizoen 2001-2002<\/strong><\/p><table><tbody><tr><td width=\"169\">Helsen Kristel<\/td><td width=\"161\">\u2019t Heurtuits Dropke<\/td><td width=\"76\">C1<\/td><td width=\"123\">8\/08\/1983<\/td><td width=\"67\">17<\/td><\/tr><\/tbody><\/table><p><strong>Laureaat seizoen 2000-2001<\/strong><\/p><table><tbody><tr><td width=\"169\">Lenaerts Wim<\/td><td width=\"161\">De Nekker<\/td><td width=\"76\">D<\/td><td width=\"123\">21\/09\/1985<\/td><td width=\"67\">14<\/td><\/tr><\/tbody><\/table><p><strong>Laureaat seizoen 1999-2000<\/strong><\/p><table><tbody><tr><td width=\"169\">Lenaerts Tom<\/td><td width=\"161\">De Nekker<\/td><td width=\"76\">B2<\/td><td width=\"123\">10\/04\/1989<\/td><td width=\"67\">18<\/td><\/tr><\/tbody><\/table><p><strong>Laureaat seizoen \u00a01998-1999<\/strong><\/p><table><tbody><tr><td width=\"169\">Verpoorten Elspeth<\/td><td width=\"161\">De Nekker<\/td><td width=\"76\">C1<\/td><td width=\"123\">29\/08\/1982<\/td><td width=\"67\">15<\/td><\/tr><\/tbody><\/table><p><strong>Laureaat seizoen \u00a01997-1998<\/strong><\/p><table><tbody><tr><td width=\"169\">Wouters Tim<\/td><td width=\"161\">Plumula<\/td><td width=\"76\">C1<\/td><td width=\"123\">28\/08\/1981<\/td><td width=\"67\">21<\/td><\/tr><\/tbody><\/table><p><strong>Laureaat seizoen \u00a01996-1997<\/strong><\/p><table><tbody><tr><td width=\"169\">Wouters Sara<\/td><td width=\"161\">Plumula<\/td><td width=\"76\">C1<\/td><td width=\"123\">\u00a0\u00a0\u00a0\u00a0\u00a0\u00a0\u00a0\u00a0\u00a0\u00a0\u00a0\u00a0\u00a0\u00a0 1\/06\/1983<\/td><td width=\"67\">15<\/td><\/tr><\/tbody><\/table><p><strong>Laureaat seizoen \u00a01995-1996<\/strong><\/p><table><tbody><tr><td width=\"169\">Wouters Sara<\/td><td width=\"161\">Plumula<\/td><td width=\"76\">D<\/td><td width=\"123\">\u00a0\u00a0\u00a0\u00a0\u00a0\u00a0\u00a0\u00a0\u00a0\u00a0\u00a0\u00a0\u00a0\u00a0 1\/06\/1983<\/td><td width=\"67\">16<\/td><\/tr><\/tbody><\/table><\/td><\/tr><\/tbody><\/table><h3>\u00a0<\/h3><h3>Clubtoernooien<\/h3><p>Badminton Vlaanderen overzicht van de <a href=\"https:\/\/www.badmintonvlaanderen.be\/calendar\/185\/Recreanten-Kalender\" target=\"_blank\" rel=\"noopener\">recreatieve tornooien<\/a><\/p><p>Badminton Vlaanderen overzicht van de <a href=\"https:\/\/www.badmintonvlaanderen.be\/calendar\/180\/Tornooi-Kalender\" target=\"_blank\" rel=\"noopener\">offici\u00eble toernooien\u00a0<\/a><\/p>\t\t\t\t\t\t<\/div>\n\t\t\t\t<\/div>\n\t\t\t\t\t<\/div>\n\t\t<\/div>\n\t\t\t\t\t\t\t<\/div>\n\t\t<\/section>\n\t\t\t\t\t\t\t<\/div>\n\t\t","protected":false},"excerpt":{"rendered":"<p>Tornooien die PBA organiseert: Georges Rogiers, PK Volwassenen, PK Jeugd en Senioren, IPJO ( IPJO in beurtrol met de andere provincies ) Ook andere organisaties, zoals de Vlaamse- en\/of Belgische kampioenschappen kunnen door de PBA worden ingericht. Op vraag van de Stedelijke Sportraad van de Stad Antwerpen staat zij in voor de organisatie van het&hellip;<\/p>\n","protected":false},"author":1,"featured_media":0,"parent":0,"menu_order":0,"comment_status":"closed","ping_status":"closed","template":"","meta":{"footnotes":""},"_links":{"self":[{"href":"https:\/\/badminton-pba.be\/index.php?rest_route=\/wp\/v2\/pages\/277"}],"collection":[{"href":"https:\/\/badminton-pba.be\/index.php?rest_route=\/wp\/v2\/pages"}],"about":[{"href":"https:\/\/badminton-pba.be\/index.php?rest_route=\/wp\/v2\/types\/page"}],"author":[{"embeddable":true,"href":"https:\/\/badminton-pba.be\/index.php?rest_route=\/wp\/v2\/users\/1"}],"replies":[{"embeddable":true,"href":"https:\/\/badminton-pba.be\/index.php?rest_route=%2Fwp%2Fv2%2Fcomments&post=277"}],"version-history":[{"count":34,"href":"https:\/\/badminton-pba.be\/index.php?rest_route=\/wp\/v2\/pages\/277\/revisions"}],"predecessor-version":[{"id":4354,"href":"https:\/\/badminton-pba.be\/index.php?rest_route=\/wp\/v2\/pages\/277\/revisions\/4354"}],"wp:attachment":[{"href":"https:\/\/badminton-pba.be\/index.php?rest_route=%2Fwp%2Fv2%2Fmedia&parent=277"}],"curies":[{"name":"wp","href":"https:\/\/api.w.org\/{rel}","templated":true}]}}