{"id":511,"date":"2021-05-28T14:06:43","date_gmt":"2021-05-28T12:06:43","guid":{"rendered":"https:\/\/pba.temp.florisvdk.net\/?page_id=511"},"modified":"2025-09-15T11:46:25","modified_gmt":"2025-09-15T09:46:25","slug":"pba-jeugdselectie","status":"publish","type":"page","link":"https:\/\/badminton-pba.be\/?page_id=511","title":{"rendered":"PBA jeugdselectie"},"content":{"rendered":"\t\t<div data-elementor-type=\"wp-page\" data-elementor-id=\"511\" class=\"elementor elementor-511\">\n\t\t\t\t\t\t\t\t\t<section data-particle_enable=\"false\" data-particle-mobile-disabled=\"false\" class=\"elementor-section elementor-top-section elementor-element elementor-element-74d5cb6 elementor-section-boxed elementor-section-height-default elementor-section-height-default\" data-id=\"74d5cb6\" data-element_type=\"section\">\n\t\t\t\t\t\t<div class=\"elementor-container elementor-column-gap-default\">\n\t\t\t\t\t<div class=\"elementor-column elementor-col-100 elementor-top-column elementor-element elementor-element-33c80ee\" data-id=\"33c80ee\" data-element_type=\"column\">\n\t\t\t<div class=\"elementor-widget-wrap elementor-element-populated\">\n\t\t\t\t\t\t\t\t<div class=\"elementor-element elementor-element-6550634 elementor-arrows-position-inside elementor-pagination-position-outside elementor-widget elementor-widget-image-carousel\" data-id=\"6550634\" data-element_type=\"widget\" data-settings=\"{&quot;navigation&quot;:&quot;both&quot;,&quot;autoplay&quot;:&quot;yes&quot;,&quot;pause_on_hover&quot;:&quot;yes&quot;,&quot;pause_on_interaction&quot;:&quot;yes&quot;,&quot;autoplay_speed&quot;:5000,&quot;infinite&quot;:&quot;yes&quot;,&quot;speed&quot;:500}\" data-widget_type=\"image-carousel.default\">\n\t\t\t\t<div class=\"elementor-widget-container\">\n\t\t\t\t\t<div class=\"elementor-image-carousel-wrapper swiper-container\" dir=\"ltr\">\n\t\t\t<div class=\"elementor-image-carousel swiper-wrapper\" aria-live=\"off\">\n\t\t\t\t\t\t\t\t<div class=\"swiper-slide\" role=\"group\" aria-roledescription=\"slide\" aria-label=\"1 of 42\"><figure class=\"swiper-slide-inner\"><img decoding=\"async\" class=\"swiper-slide-image\" src=\"https:\/\/badminton-pba.be\/wp-content\/uploads\/2021\/06\/IMG_1955-768x512.jpg\" alt=\"IMG_1955\" \/><\/figure><\/div><div class=\"swiper-slide\" role=\"group\" aria-roledescription=\"slide\" aria-label=\"2 of 42\"><figure class=\"swiper-slide-inner\"><img decoding=\"async\" class=\"swiper-slide-image\" src=\"https:\/\/badminton-pba.be\/wp-content\/uploads\/2021\/06\/IMG_1986-768x512.jpg\" alt=\"IMG_1986\" \/><\/figure><\/div><div class=\"swiper-slide\" role=\"group\" aria-roledescription=\"slide\" aria-label=\"3 of 42\"><figure class=\"swiper-slide-inner\"><img decoding=\"async\" class=\"swiper-slide-image\" src=\"https:\/\/badminton-pba.be\/wp-content\/uploads\/2021\/06\/IMG_1993-768x512.jpg\" alt=\"IMG_1993\" \/><\/figure><\/div><div class=\"swiper-slide\" role=\"group\" aria-roledescription=\"slide\" aria-label=\"4 of 42\"><figure class=\"swiper-slide-inner\"><img decoding=\"async\" class=\"swiper-slide-image\" src=\"https:\/\/badminton-pba.be\/wp-content\/uploads\/2021\/06\/IMG_2024-768x512.jpg\" alt=\"IMG_2024\" \/><\/figure><\/div><div class=\"swiper-slide\" role=\"group\" aria-roledescription=\"slide\" aria-label=\"5 of 42\"><figure class=\"swiper-slide-inner\"><img decoding=\"async\" class=\"swiper-slide-image\" src=\"https:\/\/badminton-pba.be\/wp-content\/uploads\/2021\/06\/IMG_2027-768x512.jpg\" alt=\"IMG_2027\" \/><\/figure><\/div><div class=\"swiper-slide\" role=\"group\" aria-roledescription=\"slide\" aria-label=\"6 of 42\"><figure class=\"swiper-slide-inner\"><img decoding=\"async\" class=\"swiper-slide-image\" src=\"https:\/\/badminton-pba.be\/wp-content\/uploads\/2021\/06\/IMG_2043-768x512.jpg\" alt=\"IMG_2043\" \/><\/figure><\/div><div class=\"swiper-slide\" role=\"group\" aria-roledescription=\"slide\" aria-label=\"7 of 42\"><figure class=\"swiper-slide-inner\"><img decoding=\"async\" class=\"swiper-slide-image\" src=\"https:\/\/badminton-pba.be\/wp-content\/uploads\/2021\/06\/IMG_2044-768x512.jpg\" alt=\"IMG_2044\" \/><\/figure><\/div><div class=\"swiper-slide\" role=\"group\" aria-roledescription=\"slide\" aria-label=\"8 of 42\"><figure class=\"swiper-slide-inner\"><img decoding=\"async\" class=\"swiper-slide-image\" src=\"https:\/\/badminton-pba.be\/wp-content\/uploads\/2021\/06\/IMG_2062-768x512.jpg\" alt=\"IMG_2062\" \/><\/figure><\/div><div class=\"swiper-slide\" role=\"group\" aria-roledescription=\"slide\" aria-label=\"9 of 42\"><figure class=\"swiper-slide-inner\"><img decoding=\"async\" class=\"swiper-slide-image\" src=\"https:\/\/badminton-pba.be\/wp-content\/uploads\/2021\/06\/IMG_2088-768x512.jpg\" alt=\"IMG_2088\" \/><\/figure><\/div><div class=\"swiper-slide\" role=\"group\" aria-roledescription=\"slide\" aria-label=\"10 of 42\"><figure class=\"swiper-slide-inner\"><img decoding=\"async\" class=\"swiper-slide-image\" src=\"https:\/\/badminton-pba.be\/wp-content\/uploads\/2021\/06\/IMG_2130-768x512.jpg\" alt=\"IMG_2130\" \/><\/figure><\/div><div class=\"swiper-slide\" role=\"group\" aria-roledescription=\"slide\" aria-label=\"11 of 42\"><figure class=\"swiper-slide-inner\"><img decoding=\"async\" class=\"swiper-slide-image\" src=\"https:\/\/badminton-pba.be\/wp-content\/uploads\/2021\/06\/IMG_2171-768x512.jpg\" alt=\"IMG_2171\" \/><\/figure><\/div><div class=\"swiper-slide\" role=\"group\" aria-roledescription=\"slide\" aria-label=\"12 of 42\"><figure class=\"swiper-slide-inner\"><img decoding=\"async\" class=\"swiper-slide-image\" src=\"https:\/\/badminton-pba.be\/wp-content\/uploads\/2021\/06\/IMG_2215-768x512.jpg\" alt=\"IMG_2215\" \/><\/figure><\/div><div class=\"swiper-slide\" role=\"group\" aria-roledescription=\"slide\" aria-label=\"13 of 42\"><figure class=\"swiper-slide-inner\"><img decoding=\"async\" class=\"swiper-slide-image\" src=\"https:\/\/badminton-pba.be\/wp-content\/uploads\/2021\/06\/IMG_2245-768x512.jpg\" alt=\"IMG_2245\" \/><\/figure><\/div><div class=\"swiper-slide\" role=\"group\" aria-roledescription=\"slide\" aria-label=\"14 of 42\"><figure class=\"swiper-slide-inner\"><img decoding=\"async\" class=\"swiper-slide-image\" src=\"https:\/\/badminton-pba.be\/wp-content\/uploads\/2021\/06\/IMG_2250-768x512.jpg\" alt=\"IMG_2250\" \/><\/figure><\/div><div class=\"swiper-slide\" role=\"group\" aria-roledescription=\"slide\" aria-label=\"15 of 42\"><figure class=\"swiper-slide-inner\"><img decoding=\"async\" class=\"swiper-slide-image\" src=\"https:\/\/badminton-pba.be\/wp-content\/uploads\/2021\/06\/IMG_2261-768x512.jpg\" alt=\"IMG_2261\" \/><\/figure><\/div><div class=\"swiper-slide\" role=\"group\" aria-roledescription=\"slide\" aria-label=\"16 of 42\"><figure class=\"swiper-slide-inner\"><img decoding=\"async\" class=\"swiper-slide-image\" src=\"https:\/\/badminton-pba.be\/wp-content\/uploads\/2021\/06\/IMG_2395-768x512.jpg\" alt=\"IMG_2395\" \/><\/figure><\/div><div class=\"swiper-slide\" role=\"group\" aria-roledescription=\"slide\" aria-label=\"17 of 42\"><figure class=\"swiper-slide-inner\"><img decoding=\"async\" class=\"swiper-slide-image\" src=\"https:\/\/badminton-pba.be\/wp-content\/uploads\/2021\/06\/IMG_2441-768x512.jpg\" alt=\"IMG_2441\" \/><\/figure><\/div><div class=\"swiper-slide\" role=\"group\" aria-roledescription=\"slide\" aria-label=\"18 of 42\"><figure class=\"swiper-slide-inner\"><img decoding=\"async\" class=\"swiper-slide-image\" src=\"https:\/\/badminton-pba.be\/wp-content\/uploads\/2021\/06\/IMG_2582-768x512.jpg\" alt=\"IMG_2582\" \/><\/figure><\/div><div class=\"swiper-slide\" role=\"group\" aria-roledescription=\"slide\" aria-label=\"19 of 42\"><figure class=\"swiper-slide-inner\"><img decoding=\"async\" class=\"swiper-slide-image\" src=\"https:\/\/badminton-pba.be\/wp-content\/uploads\/2021\/06\/IMG_2910-768x512.jpg\" alt=\"IMG_2910\" \/><\/figure><\/div><div class=\"swiper-slide\" role=\"group\" aria-roledescription=\"slide\" aria-label=\"20 of 42\"><figure class=\"swiper-slide-inner\"><img decoding=\"async\" class=\"swiper-slide-image\" src=\"https:\/\/badminton-pba.be\/wp-content\/uploads\/2021\/06\/IMG_3164-768x512.jpg\" alt=\"IMG_3164\" \/><\/figure><\/div><div class=\"swiper-slide\" role=\"group\" aria-roledescription=\"slide\" aria-label=\"21 of 42\"><figure class=\"swiper-slide-inner\"><img decoding=\"async\" class=\"swiper-slide-image\" src=\"https:\/\/badminton-pba.be\/wp-content\/uploads\/2021\/06\/IMG_3178-768x512.jpg\" alt=\"IMG_3178\" \/><\/figure><\/div><div class=\"swiper-slide\" role=\"group\" aria-roledescription=\"slide\" aria-label=\"22 of 42\"><figure class=\"swiper-slide-inner\"><img decoding=\"async\" class=\"swiper-slide-image\" src=\"https:\/\/badminton-pba.be\/wp-content\/uploads\/2021\/06\/IMG_3228-768x512.jpg\" alt=\"IMG_3228\" \/><\/figure><\/div><div class=\"swiper-slide\" role=\"group\" aria-roledescription=\"slide\" aria-label=\"23 of 42\"><figure class=\"swiper-slide-inner\"><img decoding=\"async\" class=\"swiper-slide-image\" src=\"https:\/\/badminton-pba.be\/wp-content\/uploads\/2021\/06\/IMG_3238-768x512.jpg\" alt=\"IMG_3238\" \/><\/figure><\/div><div class=\"swiper-slide\" role=\"group\" aria-roledescription=\"slide\" aria-label=\"24 of 42\"><figure class=\"swiper-slide-inner\"><img decoding=\"async\" class=\"swiper-slide-image\" src=\"https:\/\/badminton-pba.be\/wp-content\/uploads\/2021\/06\/IMG_3343-768x512.jpg\" alt=\"IMG_3343\" \/><\/figure><\/div><div class=\"swiper-slide\" role=\"group\" aria-roledescription=\"slide\" aria-label=\"25 of 42\"><figure class=\"swiper-slide-inner\"><img decoding=\"async\" class=\"swiper-slide-image\" src=\"https:\/\/badminton-pba.be\/wp-content\/uploads\/2021\/06\/IMG_3378-768x512.jpg\" alt=\"IMG_3378\" \/><\/figure><\/div><div class=\"swiper-slide\" role=\"group\" aria-roledescription=\"slide\" aria-label=\"26 of 42\"><figure class=\"swiper-slide-inner\"><img decoding=\"async\" class=\"swiper-slide-image\" src=\"https:\/\/badminton-pba.be\/wp-content\/uploads\/2021\/06\/IMG_3418-768x512.jpg\" alt=\"IMG_3418\" \/><\/figure><\/div><div class=\"swiper-slide\" role=\"group\" aria-roledescription=\"slide\" aria-label=\"27 of 42\"><figure class=\"swiper-slide-inner\"><img decoding=\"async\" class=\"swiper-slide-image\" src=\"https:\/\/badminton-pba.be\/wp-content\/uploads\/2021\/06\/IMG_3530-768x512.jpg\" alt=\"IMG_3530\" \/><\/figure><\/div><div class=\"swiper-slide\" role=\"group\" aria-roledescription=\"slide\" aria-label=\"28 of 42\"><figure class=\"swiper-slide-inner\"><img decoding=\"async\" class=\"swiper-slide-image\" src=\"https:\/\/badminton-pba.be\/wp-content\/uploads\/2021\/06\/IMG_4118-768x512.jpg\" alt=\"IMG_4118\" \/><\/figure><\/div><div class=\"swiper-slide\" role=\"group\" aria-roledescription=\"slide\" aria-label=\"29 of 42\"><figure class=\"swiper-slide-inner\"><img decoding=\"async\" class=\"swiper-slide-image\" src=\"https:\/\/badminton-pba.be\/wp-content\/uploads\/2021\/06\/IMG_4147-768x512.jpg\" alt=\"IMG_4147\" \/><\/figure><\/div><div class=\"swiper-slide\" role=\"group\" aria-roledescription=\"slide\" aria-label=\"30 of 42\"><figure class=\"swiper-slide-inner\"><img decoding=\"async\" class=\"swiper-slide-image\" src=\"https:\/\/badminton-pba.be\/wp-content\/uploads\/2021\/06\/IMG_4233-768x512.jpg\" alt=\"IMG_4233\" \/><\/figure><\/div><div class=\"swiper-slide\" role=\"group\" aria-roledescription=\"slide\" aria-label=\"31 of 42\"><figure class=\"swiper-slide-inner\"><img decoding=\"async\" class=\"swiper-slide-image\" src=\"https:\/\/badminton-pba.be\/wp-content\/uploads\/2021\/06\/IMG_4289-768x512.jpg\" alt=\"IMG_4289\" \/><\/figure><\/div><div class=\"swiper-slide\" role=\"group\" aria-roledescription=\"slide\" aria-label=\"32 of 42\"><figure class=\"swiper-slide-inner\"><img decoding=\"async\" class=\"swiper-slide-image\" src=\"https:\/\/badminton-pba.be\/wp-content\/uploads\/2021\/06\/IMG_4360-768x512.jpg\" alt=\"IMG_4360\" \/><\/figure><\/div><div class=\"swiper-slide\" role=\"group\" aria-roledescription=\"slide\" aria-label=\"33 of 42\"><figure class=\"swiper-slide-inner\"><img decoding=\"async\" class=\"swiper-slide-image\" src=\"https:\/\/badminton-pba.be\/wp-content\/uploads\/2021\/06\/IMG_4482-768x512.jpg\" alt=\"IMG_4482\" \/><\/figure><\/div><div class=\"swiper-slide\" role=\"group\" aria-roledescription=\"slide\" aria-label=\"34 of 42\"><figure class=\"swiper-slide-inner\"><img decoding=\"async\" class=\"swiper-slide-image\" src=\"https:\/\/badminton-pba.be\/wp-content\/uploads\/2021\/06\/IMG_5233-768x512.jpg\" alt=\"IMG_5233\" \/><\/figure><\/div><div class=\"swiper-slide\" role=\"group\" aria-roledescription=\"slide\" aria-label=\"35 of 42\"><figure class=\"swiper-slide-inner\"><img decoding=\"async\" class=\"swiper-slide-image\" src=\"https:\/\/badminton-pba.be\/wp-content\/uploads\/2021\/06\/IMG_5570-768x512.jpg\" alt=\"IMG_5570\" \/><\/figure><\/div><div class=\"swiper-slide\" role=\"group\" aria-roledescription=\"slide\" aria-label=\"36 of 42\"><figure class=\"swiper-slide-inner\"><img decoding=\"async\" class=\"swiper-slide-image\" src=\"https:\/\/badminton-pba.be\/wp-content\/uploads\/2021\/06\/IMG_5574-768x512.jpg\" alt=\"IMG_5574\" \/><\/figure><\/div><div class=\"swiper-slide\" role=\"group\" aria-roledescription=\"slide\" aria-label=\"37 of 42\"><figure class=\"swiper-slide-inner\"><img decoding=\"async\" class=\"swiper-slide-image\" src=\"https:\/\/badminton-pba.be\/wp-content\/uploads\/2021\/06\/IMG_5576-768x512.jpg\" alt=\"IMG_5576\" \/><\/figure><\/div><div class=\"swiper-slide\" role=\"group\" aria-roledescription=\"slide\" aria-label=\"38 of 42\"><figure class=\"swiper-slide-inner\"><img decoding=\"async\" class=\"swiper-slide-image\" src=\"https:\/\/badminton-pba.be\/wp-content\/uploads\/2021\/06\/IMG_5577-768x512.jpg\" alt=\"IMG_5577\" \/><\/figure><\/div><div class=\"swiper-slide\" role=\"group\" aria-roledescription=\"slide\" aria-label=\"39 of 42\"><figure class=\"swiper-slide-inner\"><img decoding=\"async\" class=\"swiper-slide-image\" src=\"https:\/\/badminton-pba.be\/wp-content\/uploads\/2021\/06\/IMG_5635-768x512.jpg\" alt=\"IMG_5635\" \/><\/figure><\/div><div class=\"swiper-slide\" role=\"group\" aria-roledescription=\"slide\" aria-label=\"40 of 42\"><figure class=\"swiper-slide-inner\"><img decoding=\"async\" class=\"swiper-slide-image\" src=\"https:\/\/badminton-pba.be\/wp-content\/uploads\/2021\/06\/IMG_6867-768x512.jpg\" alt=\"IMG_6867\" \/><\/figure><\/div><div class=\"swiper-slide\" role=\"group\" aria-roledescription=\"slide\" aria-label=\"41 of 42\"><figure class=\"swiper-slide-inner\"><img decoding=\"async\" class=\"swiper-slide-image\" src=\"https:\/\/badminton-pba.be\/wp-content\/uploads\/2021\/06\/IMG_7052-768x512.jpg\" alt=\"IMG_7052\" \/><\/figure><\/div><div class=\"swiper-slide\" role=\"group\" aria-roledescription=\"slide\" aria-label=\"42 of 42\"><figure class=\"swiper-slide-inner\"><img decoding=\"async\" class=\"swiper-slide-image\" src=\"https:\/\/badminton-pba.be\/wp-content\/uploads\/2021\/06\/IMG_7100-768x512.jpg\" alt=\"IMG_7100\" \/><\/figure><\/div>\t\t\t<\/div>\n\t\t\t\t\t\t\t\t\t\t\t\t<div class=\"elementor-swiper-button elementor-swiper-button-prev\" role=\"button\" tabindex=\"0\">\n\t\t\t\t\t\t<i aria-hidden=\"true\" class=\"eicon-chevron-left\"><\/i>\t\t\t\t\t<\/div>\n\t\t\t\t\t<div class=\"elementor-swiper-button elementor-swiper-button-next\" role=\"button\" tabindex=\"0\">\n\t\t\t\t\t\t<i aria-hidden=\"true\" class=\"eicon-chevron-right\"><\/i>\t\t\t\t\t<\/div>\n\t\t\t\t\n\t\t\t\t\t\t\t\t\t<div class=\"swiper-pagination\"><\/div>\n\t\t\t\t\t\t\t\t\t<\/div>\n\t\t\t\t<\/div>\n\t\t\t\t<\/div>\n\t\t\t\t<div class=\"elementor-element elementor-element-a3a5edc elementor-widget elementor-widget-text-editor\" data-id=\"a3a5edc\" data-element_type=\"widget\" data-widget_type=\"text-editor.default\">\n\t\t\t\t<div class=\"elementor-widget-container\">\n\t\t\t\t\t\t\t<p><strong>PBA Jeugdwerking <\/strong><\/p><p><strong>Jong geleerd is oud gedaan \u2013 ook in badminton!<\/strong><\/p><p>Veel kinderen starten al op jonge leeftijd met badminton. Rond de leeftijd van 6 jaar vinden ze hun weg naar een club in onze provincie. Daar krijgen ze leuke en leerzame trainingen. Ook oudere kinderen zijn welkom \u2013 er is voor iedereen een plekje! Tijdens de trainingen leren ze de basis van badminton \u00e9n bouwen ze hun vaardigheden verder uit.<\/p><p><strong>\u00a0<\/strong><\/p><p><strong>Zin om jezelf eens te testen?<\/strong><\/p><p>Heb je de smaak van badminton te pakken en wil je graag ontdekken hoe het is om tegen andere kinderen te spelen? Dan zijn de wedstrijdjes op het Jeugdcircuit de ideale volgende stap! Je doet op een leuke en laagdrempelige manier wedstrijdervaring op \u00e9n je leert andere badmintonners kennen die net zo enthousiast zijn als jij. Plezier, uitdaging en nieuwe vriendjes gegarandeerd!<\/p><p><strong>\u00a0<\/strong><\/p><p><strong>PBA Jeugdselectie<\/strong><\/p><p>Naast de reguliere clubs is er ook de PBA Jeugdselectie. Spelers die hiervoor geselecteerd worden, krijgen \u2013 bovenop hun wekelijkse clubtraining(en) \u2013 nog \u00e9\u00e9n of twee extra trainingsmomenten. Deze trainingen worden begeleid door erkende A- of B-trainers of\u00a0 initiatortrainers.<\/p><p>Het doel? Onze jonge talenten voorbereiden om mee te draaien aan de Belgische top \u2013 en wie weet zelfs op Europees niveau!<\/p><p>Onze selectiespelers nemen deel aan tornooien in Belgi\u00eb (zoals het Yonex Belgian Junior Master Circuit) en af en toe ook in het buitenland. Dit kunnen \u00e9\u00e9ndaagse of meerdaagse tornooien zijn. Tijdens deze wedstrijden worden ze steeds begeleid en gecoacht door onze trainers.<\/p><p><strong>\u00a0<\/strong><\/p><p><strong>Wat wordt er verwacht van de PBA-spelers?<\/strong><\/p><p>Om deel uit te maken van de PBA Jeugdselectie moet je lid zijn (of snel worden) van een Antwerpse club die aangesloten is bij Badminton Vlaanderen.<\/p><p>We verwachten dat alle selectiespelers:<\/p><ul><li>zich sportief gedragen tegenover tegenstanders en teamgenoten<\/li><li>zich ten volle inzetten op trainingen en tijdens wedstrijden<\/li><li>het groepsgevoel (\u2018wij\u2019-gevoel) actief mee uitdragen.<\/li><\/ul><p>Een blijvende inzet van zowel spelers als ouders is essentieel doorheen het hele seizoen.<\/p><p>Begin september organiseren we een infomoment voor nieuwe \u00e9n bestaande selectiespelers. Ouders worden hierbij uitdrukkelijk verwacht. Het is h\u00e9t moment om vragen te stellen en alles te weten te komen over de werking van de PBA. In september en januari ontvangen de ouders ook een kalender en een uitgebreide infobrief.<\/p><p>\u00a0<\/p><p><strong>Kostprijs<\/strong><\/p><p>Afhankelijk van het aantal trainingen per week vragen we een bijdrage:<\/p><ul><li>130 euro voor 1 training per week<\/li><li>165 euro voor 2 trainingen per week<\/li><\/ul><p>Deze bijdrage dekt zaalhuur, trainers, coaching en shuttles.<\/p><p>Spelers dragen op tornooien hun rode PBA-outfit (trui en T-shirt). Die kun je aankopen als pakket voor \u20ac25.<\/p><p><strong>\u00a0<\/strong><\/p><p><strong>IPJO \u2013 Interprovinciale Jeugdontmoeting<\/strong><\/p><p>Elk jaar nemen we met PBA deel aan het IPJO \u2013 een teamtornooi tussen verschillende provincies. Niet alle selectiespelers kunnen deelnemen omdat het aantal wedstrijden beperkt is. Tweedejaars hebben meestal iets meer kans dan eerstejaars.<\/p><p>Voor het tornooi is er meestal een speciale trainingsdag voor de geselecteerde spelers. Wie daar aanwezig is, zegt ook officieel &#8220;ja&#8221; tegen deelname aan het tornooi.<\/p><p>Het IPJO is een echte groepsbeleving. Ook wie niet meespeelt, is meer dan welkom als supporter. Mede dankzij onze rode achterban maken we er elk jaar een topgebeuren van!<\/p><p>\u00a0<\/p><p><strong>Hoe word je geselecteerd voor de PBA-jeugdselectie?<\/strong><\/p><p>We zijn altijd op zoek naar jonge talentjes tussen 6 en 12 jaar die graag badmintonnen \u00e9n gemotiveerd zijn om bij te leren. Daarom organiseren we twee keer per jaar een selectiemoment.<\/p><p>Heb je interesse? Laat het weten aan je clubtrainer. Je club wordt automatisch op de hoogte gebracht wanneer er een nieuw selectiemoment gepland is.<\/p><p>Na afloop krijg je altijd persoonlijke feedback. En wie weet\u2026 misschien mag jij daarna wel mee komen trainen met de PBA Jeugdselectie!<\/p><p><strong>\u00a0<\/strong><\/p><p><strong>Zijn er nog vragen?<\/strong><\/p><p>Heeft dit alles je interesse gewekt, maar is er nog iets niet duidelijk: Aarzel dan niet contact met ons op te nemen via <a href=\"mailto:jeugd@badminton-pba.be\"><strong>jeugd@badminton-pba.be<\/strong><\/a><\/p><p><strong>\u00a0<\/strong><\/p><p>Jeugdverantwoordelijken<\/p><p>Liesbeth Marivoet en Tine Bories<\/p>\t\t\t\t\t\t<\/div>\n\t\t\t\t<\/div>\n\t\t\t\t\t<\/div>\n\t\t<\/div>\n\t\t\t\t\t\t\t<\/div>\n\t\t<\/section>\n\t\t\t\t\t\t\t<\/div>\n\t\t","protected":false},"excerpt":{"rendered":"<p>PBA Jeugdwerking Jong geleerd is oud gedaan \u2013 ook in badminton! Veel kinderen starten al op jonge leeftijd met badminton. Rond de leeftijd van 6 jaar vinden ze hun weg naar een club in onze provincie. Daar krijgen ze leuke en leerzame trainingen. Ook oudere kinderen zijn welkom \u2013 er is voor iedereen een plekje!&hellip;<\/p>\n","protected":false},"author":1,"featured_media":0,"parent":0,"menu_order":0,"comment_status":"closed","ping_status":"closed","template":"","meta":{"footnotes":""},"_links":{"self":[{"href":"https:\/\/badminton-pba.be\/index.php?rest_route=\/wp\/v2\/pages\/511"}],"collection":[{"href":"https:\/\/badminton-pba.be\/index.php?rest_route=\/wp\/v2\/pages"}],"about":[{"href":"https:\/\/badminton-pba.be\/index.php?rest_route=\/wp\/v2\/types\/page"}],"author":[{"embeddable":true,"href":"https:\/\/badminton-pba.be\/index.php?rest_route=\/wp\/v2\/users\/1"}],"replies":[{"embeddable":true,"href":"https:\/\/badminton-pba.be\/index.php?rest_route=%2Fwp%2Fv2%2Fcomments&post=511"}],"version-history":[{"count":25,"href":"https:\/\/badminton-pba.be\/index.php?rest_route=\/wp\/v2\/pages\/511\/revisions"}],"predecessor-version":[{"id":4091,"href":"https:\/\/badminton-pba.be\/index.php?rest_route=\/wp\/v2\/pages\/511\/revisions\/4091"}],"wp:attachment":[{"href":"https:\/\/badminton-pba.be\/index.php?rest_route=%2Fwp%2Fv2%2Fmedia&parent=511"}],"curies":[{"name":"wp","href":"https:\/\/api.w.org\/{rel}","templated":true}]}}